{"id":431,"date":"2022-12-21T12:04:15","date_gmt":"2022-12-21T15:04:15","guid":{"rendered":"https:\/\/colegioeucaristicolaplata.edu.ar\/?page_id=431"},"modified":"2023-06-02T16:44:29","modified_gmt":"2023-06-02T19:44:29","slug":"proyectopastoral","status":"publish","type":"page","link":"https:\/\/colegioeucaristicolaplata.edu.ar\/index.php\/proyectopastoral\/","title":{"rendered":"Proyecto pastoral"},"content":{"rendered":"\n<section id=\"wp-block-themeisle-blocks-advanced-columns-81c1ee60\" class=\"wp-block-themeisle-blocks-advanced-columns alignfull has-1-columns has-desktop-equal-layout has-tablet-collapsedRows-layout has-mobile-collapsedRows-layout has-vertical-top ticss-f3836e0a\"><div class=\"wp-block-themeisle-blocks-advanced-columns-overlay\"><\/div><div class=\"innerblocks-wrap\">\n<div id=\"wp-block-themeisle-blocks-advanced-column-dd15fbf8\" class=\"wp-block-themeisle-blocks-advanced-column\">\n<h2 class=\"has-text-align-left has-neve-text-color-color has-text-color wp-block-heading\">Equipo<\/h2>\n\n\n\n<p>Se encuentra integrado por la <strong>Coordinaci\u00f3n General del Colegio<\/strong>, que trabaja en sinton\u00eda con Coordinadores de cada Nivel: Inicial, Primario y Secundario, Hijas de Jes\u00fas y el Capell\u00e1n. La tarea del Equipo es sostenida y acompa\u00f1ada por los Equipos Directivos, Educadores, Catequistas y Familias.<\/p>\n\n\n\n<p>Se trabaja por proyectos de corto, mediano y largo plazo, que complementan la educaci\u00f3n de los estudiantes, en conexi\u00f3n con la Pastoral Diocesana, con ONGs solidarias y otras instituciones.\u00a0<\/p>\n<\/div>\n<\/div><\/section>\n\n\n\n<section id=\"wp-block-themeisle-blocks-advanced-columns-de9598af\" class=\"wp-block-themeisle-blocks-advanced-columns alignfull has-1-columns has-desktop-equal-layout has-tablet-collapsedRows-layout has-mobile-collapsedRows-layout has-vertical-top\"><div class=\"wp-block-themeisle-blocks-advanced-columns-overlay\"><\/div><div class=\"innerblocks-wrap\">\n<div id=\"wp-block-themeisle-blocks-advanced-column-0ce990b1\" class=\"wp-block-themeisle-blocks-advanced-column\">\n<h2 class=\"has-text-align-left has-neve-text-color-color has-text-color wp-block-heading\">Proyecto<\/h2>\n\n\n\n<h3 class=\"wp-block-heading\">\u00bfQu\u00e9 Proponemos?<\/h3>\n\n\n\n<p>Desde la premisa \u201cEvangelizar educando\u201d, las Hijas de Jes\u00fas animan y dinamizan la concepci\u00f3n educativa recibida de su fundadora en reciprocidad con los laicos que participan en los colegios.&nbsp;&nbsp;<\/p>\n\n\n\n<p>En el punto 149 de Nuestro Modo Propio de Educar (NMPdE) se lee:<\/p>\n\n\n\n<p>\u201cCon el paso del tiempo ha ido creciendo en la Iglesia la conciencia de la corresponsabilidad de los laicos, junto con los pastores, presb\u00edteros, religiosos y religiosas, as\u00ed como el reconocimiento de su identidad que les lleva a ocupar su lugar propio y a realizar las tareas espec\u00edficas que les corresponden en esta misi\u00f3n com\u00fan\u201d[1].<\/p>\n\n\n\n<p>Desde esta mirada se nos invita a todos los pertenecientes de la Familia de la Madre C\u00e1ndida, a dar un paso m\u00e1s en el camino de la sinodalidad. Desde nuestras diferentes vocaciones, somos llamados a evangelizar juntos, siempre. Somos llamados a evangelizar, desde nuestras aulas, las fronteras geogr\u00e1ficas, sociales y culturales para superar juntos nuevos desaf\u00edos, discernir nuevas prioridades y concentrar esfuerzos, energ\u00edas y recursos.<\/p>\n\n\n\n<p>En la Determinaci\u00f3n de la Congregacional General XVIII se expresa que queremos seguir abiertos y en b\u00fasqueda del horizonte y de los pasos que el Esp\u00edritu nos impulse a dar como familia carism\u00e1tica. Hijas de Jes\u00fas y laicos nos ayudamos a vivir en fidelidad nuestro compromiso en el seguimiento de Jes\u00fas. Es preciso seguir creciendo en reciprocidad y formaci\u00f3n conjunta, para reflexionar sobre los retos educativos que nos plantea el mundo actual y proyectar caminos de futuro.<\/p>\n\n\n\n<p>En <em>Laudato si\u2019<\/em> se nos presenta el cuidado de la Casa Com\u00fan como una urgencia del planeta. Somos responsables del deterioro del mundo. Hemos de comprometernos, desde todos los \u00e1mbitos de nuestra misi\u00f3n, a proteger la Casa Com\u00fan y a vivir una ecolog\u00eda integral en comuni\u00f3n con toda la creaci\u00f3n, para combatir la pobreza y restaurar la dignidad de los excluidos. Es un reto cultural, espiritual y educativo, inseparable de la justicia social.<\/p>\n\n\n\n<p>Adem\u00e1s, en las llamadas somos invitados, como Familia Madre C\u00e1ndida, a seguir insert\u00e1ndonos en la pastoral eclesial con los j\u00f3venes y a caminar con ellos. Los mismos j\u00f3venes son agentes de la pastoral juvenil, acompa\u00f1ados y guiados, pero libres para encontrar caminos siempre nuevos con creatividad.<\/p>\n\n\n\n<h3 class=\"wp-block-heading\">Proyecci\u00f3n Solidaria<\/h3>\n\n\n\n<p>El compromiso de solidaridad desde la misi\u00f3n educativa tiene como objetivos:<\/p>\n\n\n\n<ul>\n<li>Fortalecer la acci\u00f3n social desde los principios y criterios de la Doctrina social de la Iglesia.<\/li>\n\n\n\n<li>Crear un clima educativo cristiano, impregnado de valores evang\u00e9licos: libertad, sencillez, cercan\u00eda, amor universal y solidario, justicia y paz.<\/li>\n\n\n\n<li>Promover una pedagog\u00eda centrada en la persona y sus circunstancias destacando la comunicaci\u00f3n interpersonal, el trato vivencial y el acompa\u00f1amiento personal.<\/li>\n\n\n\n<li>Favorecer actitudes comunitarias que propicien la participaci\u00f3n y el trabajo en equipo.<\/li>\n\n\n\n<li>Promover experiencias de contactos con ambientes necesitados y marginados, para aprender a darse y aprender del otro, contribuyendo a la transformaci\u00f3n de la sociedad actual.<\/li>\n\n\n\n<li>Formar personas solidarias, comprometidas con la justicia social (contacto con \u00e1reas de la Pastoral Social Diocesana)<\/li>\n\n\n\n<li>Comprometer a toda la Comunidad, a realizar peque\u00f1as acciones que ayuden al hermano, ya sea con la oraci\u00f3n, con ayuda econ\u00f3mica, brindando tiempo y dedicaci\u00f3n en favor de los hermanos, dentro o fuera.<\/li>\n<\/ul>\n\n\n\n<h3 class=\"wp-block-heading\">Fiestas y celebraciones<\/h3>\n\n\n\n<p>El Calendario Lit\u00fargico nos marca las fiestas y solemnidades que se celebran en comunidad, a las que se suman las Fiestas Congregacionales:<\/p>\n\n\n\n<p><strong>Los tiempos lit\u00fargicos<\/strong>: Cuaresma, Pascua, Adviento y Navidad.<\/p>\n\n\n\n<p>Las fiestas congregacionales:<\/p>\n\n\n\n<ul>\n<li><strong>27 de abril<\/strong>: D\u00eda de la Beata Anto\u00f1ita (Mar\u00eda Antonia Bandr\u00e9s y Elosegui)<\/li>\n\n\n\n<li><strong>31 de mayo<\/strong>: Aniversario del Natalicio de Santa C\u00e1ndida Mar\u00eda de Jes\u00fas, fundadora de la Congregaci\u00f3n Hijas de Jes\u00fas.<\/li>\n\n\n\n<li><strong>9 de agosto<\/strong>: D\u00eda de Santa C\u00e1ndida Mar\u00eda de Jes\u00fas.<\/li>\n\n\n\n<li><strong>8 de diciembre<\/strong>: D\u00eda de la Inmaculada Concepci\u00f3n de la Virgen Mar\u00eda, cuando conmemoramos la fundaci\u00f3n de la Congregaci\u00f3n.<\/li>\n<\/ul>\n\n\n\n<h3 class=\"wp-block-heading\">Vida Sacramental<\/h3>\n\n\n\n<p>Los estudiantes de Nivel Primario reciben la Catequesis de preparaci\u00f3n para recibir los Sacramentos de Confirmaci\u00f3n y de Primera Comuni\u00f3n.<\/p>\n\n\n\n<p>Esta formaci\u00f3n est\u00e1 a cargo del Equipo de Catequistas, y forma parte de la educaci\u00f3n integral de nuestro estilo educativo. Se acompa\u00f1a esta preparaci\u00f3n con Encuentros de Catequesis Familiar, cuyo objetivo es afianzar lazos y profundizar la formaci\u00f3n catequ\u00e9tica de las Familias en pos del proceso de formaci\u00f3n espiritual que sus hijos transitan.<\/p>\n\n\n\n<h3 class=\"wp-block-heading\">Euca Joven<\/h3>\n\n\n\n<p>El espacio de Euca Joven est\u00e1 orientado al Ciclo B\u00e1sico de Nivel Secundario con el objetivo de generar encuentros entre los estudiantes de diversos cursos que inician una nueva etapa escolar.&nbsp;<\/p>\n\n\n\n<p>A trav\u00e9s de encuentros mensuales, din\u00e1micas de grupo, reflexiones, videos, momentos de oraci\u00f3n y contemplaci\u00f3n y salidas solidarias, se busca orientarlos a una mayor conexi\u00f3n con Dios, con el pr\u00f3jimo y con ellos mismos. Afianzar y acrecentar su Fe son objetivos primordiales e indispensables para fortalecer a los j\u00f3venes frente a las diversas situaciones de vida que experimenten.<\/p>\n\n\n\n<h3 class=\"wp-block-heading\">Eucaristianos<\/h3>\n\n\n\n<p>El espacio de Eucaristianos abre su convocatoria a todos los j\u00f3venes exalumnos del Colegio o de la ciudad, que tengan inter\u00e9s en profundizar sus conocimientos y su vida espiritual, con el tinte carism\u00e1tico de las Hijas de Jes\u00fas y el discernimiento ignaciano.<\/p>\n\n\n\n<p>Realizan diversas actividades como encuentros de oraci\u00f3n, misiones, acciones solidarias, reflexiones, espacios de discernimiento, entre otras.<\/p>\n<\/div>\n<\/div><\/section>\n","protected":false},"excerpt":{"rendered":"","protected":false},"author":1,"featured_media":0,"parent":0,"menu_order":0,"comment_status":"closed","ping_status":"closed","template":"","meta":{"_eb_attr":"","neve_meta_sidebar":"","neve_meta_container":"","neve_meta_enable_content_width":"","neve_meta_content_width":0,"neve_meta_title_alignment":"","neve_meta_author_avatar":"","neve_post_elements_order":"","neve_meta_disable_header":"","neve_meta_disable_footer":"","neve_meta_disable_title":"","neve_meta_reading_time":"","_themeisle_gutenberg_block_has_review":false,"_ti_tpc_template_sync":false,"_ti_tpc_template_id":""},"_links":{"self":[{"href":"https:\/\/colegioeucaristicolaplata.edu.ar\/index.php\/wp-json\/wp\/v2\/pages\/431"}],"collection":[{"href":"https:\/\/colegioeucaristicolaplata.edu.ar\/index.php\/wp-json\/wp\/v2\/pages"}],"about":[{"href":"https:\/\/colegioeucaristicolaplata.edu.ar\/index.php\/wp-json\/wp\/v2\/types\/page"}],"author":[{"embeddable":true,"href":"https:\/\/colegioeucaristicolaplata.edu.ar\/index.php\/wp-json\/wp\/v2\/users\/1"}],"replies":[{"embeddable":true,"href":"https:\/\/colegioeucaristicolaplata.edu.ar\/index.php\/wp-json\/wp\/v2\/comments?post=431"}],"version-history":[{"count":11,"href":"https:\/\/colegioeucaristicolaplata.edu.ar\/index.php\/wp-json\/wp\/v2\/pages\/431\/revisions"}],"predecessor-version":[{"id":1303,"href":"https:\/\/colegioeucaristicolaplata.edu.ar\/index.php\/wp-json\/wp\/v2\/pages\/431\/revisions\/1303"}],"wp:attachment":[{"href":"https:\/\/colegioeucaristicolaplata.edu.ar\/index.php\/wp-json\/wp\/v2\/media?parent=431"}],"curies":[{"name":"wp","href":"https:\/\/api.w.org\/{rel}","templated":true}]}}