{"id":320,"date":"2022-05-04T08:21:20","date_gmt":"2022-05-04T11:21:20","guid":{"rendered":"https:\/\/demosites.io\/nft-illustrator-gb\/?page_id=52"},"modified":"2025-09-17T16:45:08","modified_gmt":"2025-09-17T19:45:08","slug":"inicio","status":"publish","type":"page","link":"https:\/\/colegioeucaristicolaplata.edu.ar\/","title":{"rendered":"Inicio"},"content":{"rendered":"\n<section id=\"wp-block-themeisle-blocks-advanced-columns-7fed9644\" class=\"wp-block-themeisle-blocks-advanced-columns alignfull has-2-columns has-desktop-equal-layout has-tablet-equal-layout hide-in-mobile has-vertical-top ticss-e52d1d89 has-light-bg\"><div class=\"wp-block-themeisle-blocks-advanced-columns-overlay\"><\/div><div class=\"innerblocks-wrap\">\n<div id=\"wp-block-themeisle-blocks-advanced-column-77b97cc2\" class=\"wp-block-themeisle-blocks-advanced-column\">\n<p><\/p>\n\n\n\n<p id=\"wp-block-themeisle-blocks-advanced-heading-438a86c1\" class=\"wp-block-themeisle-blocks-advanced-heading wp-block-themeisle-blocks-advanced-heading-438a86c1 animated fadeIn delay-100ms slow\"><strong>bienvenidos al sitio oficial del<\/strong><\/p>\n\n\n\n<div class=\"wp-block-group animated fadeIn delay-200ms slow is-layout-flow\"><div class=\"wp-block-group__inner-container\">\n<h1 id=\"wp-block-themeisle-blocks-advanced-heading-ca0959da\" class=\"wp-block-themeisle-blocks-advanced-heading wp-block-themeisle-blocks-advanced-heading-ca0959da\">Colegio Coraz\u00f3n Eucar\u00edstico de Jes\u00fas<\/h1>\n<\/div><\/div>\n\n\n\n<div style=\"height:5px\" aria-hidden=\"true\" class=\"wp-block-spacer\"><\/div>\n\n\n\n<div class=\"wp-block-buttons is-layout-flex\">\n<div class=\"wp-block-button is-style-secondary\"><a class=\"wp-block-button__link wp-element-button\" href=\"https:\/\/colegioeucaristicolaplata.edu.ar\/index.php\/inscripcion-inicial\/\" style=\"border-radius:10px\" target=\"_blank\" rel=\"noreferrer noopener\">Inscripciones Nivel Inicial 2026<\/a><\/div>\n\n\n\n<div class=\"wp-block-button is-style-secondary\"><a class=\"wp-block-button__link wp-element-button\" href=\"https:\/\/colegioeucaristicolaplata.edu.ar\/index.php\/inscripcion-nivel-primario\/\" style=\"border-radius:10px\" target=\"_blank\" rel=\"noreferrer noopener\">Inscripciones Nivel Primario 2026<\/a><\/div>\n<\/div>\n<\/div>\n\n\n\n<div id=\"wp-block-themeisle-blocks-advanced-column-f16e95d4\" class=\"wp-block-themeisle-blocks-advanced-column\"><div class=\"wp-block-image is-style-default animated fadeInRight\">\n<figure class=\"aligncenter size-full\"><img decoding=\"async\" loading=\"lazy\" width=\"852\" height=\"706\" src=\"https:\/\/colegioeucaristicolaplata.edu.ar\/wp-content\/uploads\/2025\/03\/Dibujo-sin-titulo-1.png\" alt=\"\" class=\"wp-image-2239\" srcset=\"https:\/\/colegioeucaristicolaplata.edu.ar\/wp-content\/uploads\/2025\/03\/Dibujo-sin-titulo-1.png 852w, https:\/\/colegioeucaristicolaplata.edu.ar\/wp-content\/uploads\/2025\/03\/Dibujo-sin-titulo-1-300x249.png 300w, https:\/\/colegioeucaristicolaplata.edu.ar\/wp-content\/uploads\/2025\/03\/Dibujo-sin-titulo-1-768x636.png 768w\" sizes=\"(max-width: 852px) 100vw, 852px\" \/><\/figure><\/div>\n\n\n<p class=\"has-text-align-center has-neve-link-color-color has-text-color has-medium-font-size\"><\/p>\n<\/div>\n<\/div><\/section>\n\n\n\n<section id=\"wp-block-themeisle-blocks-advanced-columns-6b76f080\" class=\"wp-block-themeisle-blocks-advanced-columns alignfull has-2-columns has-mobile-collapsedRows-layout hide-in-desktop hide-in-tablet has-vertical-top has-light-bg\"><div class=\"wp-block-themeisle-blocks-advanced-columns-overlay\"><\/div><div class=\"innerblocks-wrap\">\n<div id=\"wp-block-themeisle-blocks-advanced-column-1d638b41\" class=\"wp-block-themeisle-blocks-advanced-column ticss-1d638b41\">\n<p class=\"has-text-align-center\"><strong>BIENVENIDOS AL SITIO OFICIAL DEL<\/strong><\/p>\n\n\n<div class=\"wp-block-image animated fadeInLeft ticss-e1292fad is-style-default\">\n<figure class=\"aligncenter size-full\"><img decoding=\"async\" loading=\"lazy\" width=\"852\" height=\"706\" src=\"https:\/\/colegioeucaristicolaplata.edu.ar\/wp-content\/uploads\/2025\/03\/Dibujo-sin-titulo.png\" alt=\"\" class=\"wp-image-2238\" srcset=\"https:\/\/colegioeucaristicolaplata.edu.ar\/wp-content\/uploads\/2025\/03\/Dibujo-sin-titulo.png 852w, https:\/\/colegioeucaristicolaplata.edu.ar\/wp-content\/uploads\/2025\/03\/Dibujo-sin-titulo-300x249.png 300w, https:\/\/colegioeucaristicolaplata.edu.ar\/wp-content\/uploads\/2025\/03\/Dibujo-sin-titulo-768x636.png 768w\" sizes=\"(max-width: 852px) 100vw, 852px\" \/><\/figure><\/div>\n\n\n<p class=\"has-text-align-center has-neve-link-color-color has-text-color\"><\/p>\n<\/div>\n\n\n\n<div id=\"wp-block-themeisle-blocks-advanced-column-de0cb96a\" class=\"wp-block-themeisle-blocks-advanced-column ticss-de0cb96a\">\n<div style=\"height:70px\" aria-hidden=\"true\" class=\"wp-block-spacer\"><\/div>\n\n\n\n<h1 id=\"wp-block-themeisle-blocks-advanced-heading-6d57667c\" class=\"wp-block-themeisle-blocks-advanced-heading wp-block-themeisle-blocks-advanced-heading-6d57667c\">Colegio Coraz\u00f3n Eucar\u00edstico de Jes\u00fas<\/h1>\n\n\n\n<div class=\"wp-block-buttons is-content-justification-center is-layout-flex wp-container-3\">\n<div class=\"wp-block-button is-style-secondary\"><a class=\"wp-block-button__link wp-element-button\" href=\"https:\/\/colegioeucaristicolaplata.edu.ar\/index.php\/inscripcion-inicial\/\" style=\"border-radius:10px\">Inscripciones Nivel Inicial 2026<\/a><\/div>\n\n\n\n<div class=\"wp-block-button is-style-secondary\"><a class=\"wp-block-button__link wp-element-button\" href=\"https:\/\/colegioeucaristicolaplata.edu.ar\/index.php\/inscripcion-nivel-primario\/\" style=\"border-radius:10px\">Inscripciones Nivel Primario 2026<\/a><\/div>\n<\/div>\n<\/div>\n<\/div><\/section>\n","protected":false},"excerpt":{"rendered":"","protected":false},"author":1,"featured_media":0,"parent":0,"menu_order":0,"comment_status":"closed","ping_status":"closed","template":"elementor_header_footer","meta":{"_eb_attr":"","neve_meta_sidebar":"","neve_meta_container":"","neve_meta_enable_content_width":"","neve_meta_content_width":0,"neve_meta_title_alignment":"","neve_meta_author_avatar":"","neve_post_elements_order":"","neve_meta_disable_header":"","neve_meta_disable_footer":"","neve_meta_disable_title":"on","neve_meta_reading_time":"","_themeisle_gutenberg_block_has_review":false,"_ti_tpc_template_sync":false,"_ti_tpc_template_id":""},"_links":{"self":[{"href":"https:\/\/colegioeucaristicolaplata.edu.ar\/index.php\/wp-json\/wp\/v2\/pages\/320"}],"collection":[{"href":"https:\/\/colegioeucaristicolaplata.edu.ar\/index.php\/wp-json\/wp\/v2\/pages"}],"about":[{"href":"https:\/\/colegioeucaristicolaplata.edu.ar\/index.php\/wp-json\/wp\/v2\/types\/page"}],"author":[{"embeddable":true,"href":"https:\/\/colegioeucaristicolaplata.edu.ar\/index.php\/wp-json\/wp\/v2\/users\/1"}],"replies":[{"embeddable":true,"href":"https:\/\/colegioeucaristicolaplata.edu.ar\/index.php\/wp-json\/wp\/v2\/comments?post=320"}],"version-history":[{"count":121,"href":"https:\/\/colegioeucaristicolaplata.edu.ar\/index.php\/wp-json\/wp\/v2\/pages\/320\/revisions"}],"predecessor-version":[{"id":2434,"href":"https:\/\/colegioeucaristicolaplata.edu.ar\/index.php\/wp-json\/wp\/v2\/pages\/320\/revisions\/2434"}],"wp:attachment":[{"href":"https:\/\/colegioeucaristicolaplata.edu.ar\/index.php\/wp-json\/wp\/v2\/media?parent=320"}],"curies":[{"name":"wp","href":"https:\/\/api.w.org\/{rel}","templated":true}]}}