{"id":1839,"date":"2023-08-08T13:38:11","date_gmt":"2023-08-08T16:38:11","guid":{"rendered":"https:\/\/colegioeucaristicolaplata.edu.ar\/?page_id=1839"},"modified":"2023-08-08T13:38:41","modified_gmt":"2023-08-08T16:38:41","slug":"inscripcion-nivel-secundario","status":"publish","type":"page","link":"https:\/\/colegioeucaristicolaplata.edu.ar\/index.php\/inscripcion-nivel-secundario\/","title":{"rendered":"Inscripci\u00f3n &#8211; Nivel Secundario"},"content":{"rendered":"\n<section id=\"wp-block-themeisle-blocks-advanced-columns-e7931e5c\" class=\"wp-block-themeisle-blocks-advanced-columns alignfull has-2-columns has-desktop-equal-layout has-tablet-equal-layout has-mobile-collapsedRows-layout has-vertical-top\"><div class=\"wp-block-themeisle-blocks-advanced-columns-overlay\"><\/div><div class=\"innerblocks-wrap\">\n<div id=\"wp-block-themeisle-blocks-advanced-column-49224624\" class=\"wp-block-themeisle-blocks-advanced-column\">\n<h3 class=\"wp-block-heading has-text-align-center\">Solicitud Reserva de Vacante 2024<\/h3>\n\n\n\n<p class=\"has-text-align-center\">Querida Familia:<\/p>\n\n\n\n<p class=\"has-text-align-center\">Les agradecemos su contacto con nuestra instituci\u00f3n. El siguiente formulario es una pre-solicitud de reserva de vacante que no implica inscripci\u00f3n ni compromiso de la instituci\u00f3n para otorgarla.<\/p>\n\n\n\n<p class=\"has-text-align-center\">Se solicita por favor, completar el siguiente formulario con los datos de su hijo\/a indicando el grado al que aspiran para el ciclo lectivo 2024.<\/p>\n\n\n\n<p class=\"has-text-align-center\"><strong><em>La instituci\u00f3n se comunicar\u00e1 a la brevedad con las familias que tengan posibilidad de acceder a la vacante. Quienes no reciban una respuesta se proceder\u00e1 a anotarlos autom\u00e1ticamente en lista de espera.<\/em><\/strong><\/p>\n\n\n\n<p class=\"has-text-align-center\">Muchas gracias!&nbsp;<\/p>\n\n\n\n<p class=\"has-text-align-center\">Equipo Directivo<\/p>\n<\/div>\n\n\n\n<div id=\"wp-block-themeisle-blocks-advanced-column-b070a235\" class=\"wp-block-themeisle-blocks-advanced-column\"><div class=\"wpforms-container wpforms-container-full\" id=\"wpforms-1833\"><form id=\"wpforms-form-1833\" class=\"wpforms-validate wpforms-form wpforms-ajax-form\" data-formid=\"1833\" method=\"post\" enctype=\"multipart\/form-data\" action=\"\/index.php\/wp-json\/wp\/v2\/pages\/1839\" data-token=\"bd4d1a1892bc3cc2f63e7e165efaf4a6\"><noscript class=\"wpforms-error-noscript\">Please enable JavaScript in your browser to complete this form.<\/noscript><div class=\"wpforms-page-indicator connector\" data-indicator=\"connector\" data-indicator-color=\"#72b239\" data-scroll=\"1\"><div class=\"wpforms-page-indicator-page active wpforms-page-indicator-page-1\" style=\"width:33.333333333333%;\"><span class=\"wpforms-page-indicator-page-number\" style=\"background-color:#72b239\">1<span class=\"wpforms-page-indicator-page-triangle\" style=\"border-top-color:#72b239\"><\/span><\/span><span class=\"wpforms-page-indicator-page-title\">ALUMNO\/A<span><\/div><div class=\"wpforms-page-indicator-page  wpforms-page-indicator-page-2\" style=\"width:33.333333333333%;\"><span class=\"wpforms-page-indicator-page-number\">2<span class=\"wpforms-page-indicator-page-triangle\"><\/span><\/span><span class=\"wpforms-page-indicator-page-title\">FAMILIAR O ADULTO A CARGO<span><\/div><div class=\"wpforms-page-indicator-page  wpforms-page-indicator-page-3\" style=\"width:33.333333333333%;\"><span class=\"wpforms-page-indicator-page-number\">3<span class=\"wpforms-page-indicator-page-triangle\"><\/span><\/span><span class=\"wpforms-page-indicator-page-title\">VISTA PREVIA<span><\/div><\/div><div class=\"wpforms-field-container\"><div class=\"wpforms-page wpforms-page-1 \" data-page=\"1\"><div id=\"wpforms-1833-field_30-container\" class=\"wpforms-field wpforms-field-pagebreak\" data-field-id=\"30\"><\/div><div id=\"wpforms-1833-field_61-container\" class=\"wpforms-field wpforms-field-divider\" data-field-id=\"61\"><h3 id=\"wpforms-1833-field_61\" name=\"wpforms[fields][61]\">DATOS DEL ALUMNO\/A<\/h3><\/div><div id=\"wpforms-1833-field_16-container\" class=\"wpforms-field wpforms-field-name\" data-field-id=\"16\"><label class=\"wpforms-field-label\" for=\"wpforms-1833-field_16\">Nombre y Apellido <span class=\"wpforms-required-label\">*<\/span><\/label><div class=\"wpforms-field-row wpforms-field-large\"><div class=\"wpforms-field-row-block wpforms-first wpforms-one-half\"><input type=\"text\" id=\"wpforms-1833-field_16\" class=\"wpforms-field-name-first wpforms-field-required\" name=\"wpforms[fields][16][first]\" placeholder=\"Nombre\" required><label for=\"wpforms-1833-field_16\" class=\"wpforms-field-sublabel after wpforms-sublabel-hide\">First<\/label><\/div><div class=\"wpforms-field-row-block wpforms-one-half\"><input type=\"text\" id=\"wpforms-1833-field_16-last\" class=\"wpforms-field-name-last wpforms-field-required\" name=\"wpforms[fields][16][last]\" placeholder=\"Apellido\" required><label for=\"wpforms-1833-field_16-last\" class=\"wpforms-field-sublabel after wpforms-sublabel-hide\">Last<\/label><\/div><\/div><\/div><div id=\"wpforms-1833-field_2-container\" class=\"wpforms-field wpforms-field-radio wpforms-list-3-columns\" data-field-id=\"2\"><label class=\"wpforms-field-label\" for=\"wpforms-1833-field_2\">Solicita Ingreso a <span class=\"wpforms-required-label\">*<\/span><\/label><ul id=\"wpforms-1833-field_2\" class=\"wpforms-field-required\"><li class=\"choice-1 depth-1\"><input type=\"radio\" id=\"wpforms-1833-field_2_1\" name=\"wpforms[fields][2]\" value=\"1er a\u00f1o\" required ><label class=\"wpforms-field-label-inline\" for=\"wpforms-1833-field_2_1\">1er a\u00f1o<\/label><\/li><li class=\"choice-2 depth-1\"><input type=\"radio\" id=\"wpforms-1833-field_2_2\" name=\"wpforms[fields][2]\" value=\"2do a\u00f1o\" required ><label class=\"wpforms-field-label-inline\" for=\"wpforms-1833-field_2_2\">2do a\u00f1o<\/label><\/li><li class=\"choice-3 depth-1\"><input type=\"radio\" id=\"wpforms-1833-field_2_3\" name=\"wpforms[fields][2]\" value=\"3er a\u00f1o\" required ><label class=\"wpforms-field-label-inline\" for=\"wpforms-1833-field_2_3\">3er a\u00f1o<\/label><\/li><li class=\"choice-4 depth-1\"><input type=\"radio\" id=\"wpforms-1833-field_2_4\" name=\"wpforms[fields][2]\" value=\"4to a\u00f1o\" required ><label class=\"wpforms-field-label-inline\" for=\"wpforms-1833-field_2_4\">4to a\u00f1o<\/label><\/li><li class=\"choice-5 depth-1\"><input type=\"radio\" id=\"wpforms-1833-field_2_5\" name=\"wpforms[fields][2]\" value=\"5to a\u00f1o\" required ><label class=\"wpforms-field-label-inline\" for=\"wpforms-1833-field_2_5\">5to a\u00f1o<\/label><\/li><li class=\"choice-6 depth-1\"><input type=\"radio\" id=\"wpforms-1833-field_2_6\" name=\"wpforms[fields][2]\" value=\"6to a\u00f1o\" required ><label class=\"wpforms-field-label-inline\" for=\"wpforms-1833-field_2_6\">6to a\u00f1o<\/label><\/li><\/ul><\/div><div id=\"wpforms-1833-field_19-container\" class=\"wpforms-field wpforms-field-text\" data-field-id=\"19\"><label class=\"wpforms-field-label\" for=\"wpforms-1833-field_19\">\u00bfEn qu\u00e9 instituci\u00f3n se encuentra actualmente? <span class=\"wpforms-required-label\">*<\/span><\/label><input type=\"text\" id=\"wpforms-1833-field_19\" class=\"wpforms-field-large wpforms-field-required\" name=\"wpforms[fields][19]\" required><\/div><div id=\"wpforms-1833-field_68-container\" class=\"wpforms-field wpforms-field-radio wpforms-list-2-columns wpforms-conditional-trigger\" data-field-id=\"68\"><label class=\"wpforms-field-label\" for=\"wpforms-1833-field_68\">\u00bfTiene hermanos actualmente en el Colegio? <span class=\"wpforms-required-label\">*<\/span><\/label><ul id=\"wpforms-1833-field_68\" class=\"wpforms-field-required\"><li class=\"choice-1 depth-1\"><input type=\"radio\" id=\"wpforms-1833-field_68_1\" name=\"wpforms[fields][68]\" value=\"Si\" required ><label class=\"wpforms-field-label-inline\" for=\"wpforms-1833-field_68_1\">Si<\/label><\/li><li class=\"choice-2 depth-1\"><input type=\"radio\" id=\"wpforms-1833-field_68_2\" name=\"wpforms[fields][68]\" value=\"No\" required ><label class=\"wpforms-field-label-inline\" for=\"wpforms-1833-field_68_2\">No<\/label><\/li><\/ul><\/div><div id=\"wpforms-1833-field_67-container\" class=\"wpforms-field wpforms-field-checkbox wpforms-list-3-columns wpforms-conditional-field wpforms-conditional-show\" data-field-id=\"67\" style=\"display:none;\"><label class=\"wpforms-field-label\" for=\"wpforms-1833-field_67\">\u00bfEn qu\u00e9 nivel tiene hermanos en el Colegio? <span class=\"wpforms-required-label\">*<\/span><\/label><ul id=\"wpforms-1833-field_67\" class=\"wpforms-field-required\"><li class=\"choice-1 depth-1\"><input type=\"checkbox\" id=\"wpforms-1833-field_67_1\" name=\"wpforms[fields][67][]\" value=\"Inicial\" required ><label class=\"wpforms-field-label-inline\" for=\"wpforms-1833-field_67_1\">Inicial<\/label><\/li><li class=\"choice-2 depth-1\"><input type=\"checkbox\" id=\"wpforms-1833-field_67_2\" name=\"wpforms[fields][67][]\" value=\"Primario\" required ><label class=\"wpforms-field-label-inline\" for=\"wpforms-1833-field_67_2\">Primario<\/label><\/li><li class=\"choice-3 depth-1\"><input type=\"checkbox\" id=\"wpforms-1833-field_67_3\" name=\"wpforms[fields][67][]\" value=\"Secundario\" required ><label class=\"wpforms-field-label-inline\" for=\"wpforms-1833-field_67_3\">Secundario<\/label><\/li><\/ul><\/div><div id=\"wpforms-1833-field_60-container\" class=\"wpforms-field wpforms-field-pagebreak\" data-field-id=\"60\"><div class=\"wpforms-clear wpforms-pagebreak-center\"><button class=\"wpforms-page-button wpforms-page-next\" data-action=\"next\" data-page=\"1\" data-formid=\"1833\" disabled>Siguiente<\/button><\/div><\/div><\/div><div class=\"wpforms-page wpforms-page-2  \" data-page=\"2\" style=\"display:none;\"><div id=\"wpforms-1833-field_27-container\" class=\"wpforms-field wpforms-field-divider\" data-field-id=\"27\"><h3 id=\"wpforms-1833-field_27\" name=\"wpforms[fields][27]\">DATOS DE FAMILIAR O ADULTO A CARGO<\/h3><\/div><div id=\"wpforms-1833-field_28-container\" class=\"wpforms-field wpforms-field-name\" data-field-id=\"28\"><label class=\"wpforms-field-label\" for=\"wpforms-1833-field_28\">Nombre y Apellido (FAMILIAR O ADULTO A CARGO) <span class=\"wpforms-required-label\">*<\/span><\/label><div class=\"wpforms-field-row wpforms-field-large\"><div class=\"wpforms-field-row-block wpforms-first wpforms-one-half\"><input type=\"text\" id=\"wpforms-1833-field_28\" class=\"wpforms-field-name-first wpforms-field-required\" name=\"wpforms[fields][28][first]\" placeholder=\"Nombre\" required><label for=\"wpforms-1833-field_28\" class=\"wpforms-field-sublabel after wpforms-sublabel-hide\">First<\/label><\/div><div class=\"wpforms-field-row-block wpforms-one-half\"><input type=\"text\" id=\"wpforms-1833-field_28-last\" class=\"wpforms-field-name-last wpforms-field-required\" name=\"wpforms[fields][28][last]\" placeholder=\"Apellido\" required><label for=\"wpforms-1833-field_28-last\" class=\"wpforms-field-sublabel after wpforms-sublabel-hide\">Last<\/label><\/div><\/div><\/div><div id=\"wpforms-1833-field_35-container\" class=\"wpforms-field wpforms-field-email\" data-field-id=\"35\"><label class=\"wpforms-field-label\" for=\"wpforms-1833-field_35\">Correo Electr\u00f3nico (FAMILIAR O ADULTO A CARGO) <span class=\"wpforms-required-label\">*<\/span><\/label><input type=\"email\" id=\"wpforms-1833-field_35\" class=\"wpforms-field-large wpforms-field-required\" name=\"wpforms[fields][35]\" required><\/div><div id=\"wpforms-1833-field_37-container\" class=\"wpforms-field wpforms-field-phone\" data-field-id=\"37\"><label class=\"wpforms-field-label\" for=\"wpforms-1833-field_37\">Tel\u00e9fono de contacto (FAMILIAR O ADULTO A CARGO) <span class=\"wpforms-required-label\">*<\/span><\/label><input type=\"tel\" id=\"wpforms-1833-field_37\" class=\"wpforms-field-large wpforms-field-required wpforms-smart-phone-field\" data-rule-smart-phone-field=\"true\" name=\"wpforms[fields][37]\" required><\/div><div id=\"wpforms-1833-field_58-container\" class=\"wpforms-field wpforms-field-pagebreak\" data-field-id=\"58\"><div class=\"wpforms-clear wpforms-pagebreak-center\"><button class=\"wpforms-page-button wpforms-page-prev\" data-action=\"prev\" data-page=\"2\" data-formid=\"1833\" disabled>Anterior<\/button><button class=\"wpforms-page-button wpforms-page-next\" data-action=\"next\" data-page=\"2\" data-formid=\"1833\" disabled>Siguiente<\/button><\/div><\/div><\/div><div class=\"wpforms-page wpforms-page-3 last \" data-page=\"3\" style=\"display:none;\"><div id=\"wpforms-1833-field_62-container\" class=\"wpforms-field wpforms-field-entry-preview\" data-field-id=\"62\"><div class=\"wpforms-entry-preview-updating-message\">Updating preview\u2026<\/div><div class=\"wpforms-entry-preview-notice\" style=\"display: none;\"><strong>Esta es una vista previa de su inscripci\u00f3n. No ha sido enviada a\u00fan.<\/strong><br \/>\r\n<br \/>\r\nPor favor, tomarse un momento para verificar la informaci\u00f3n. <br \/>\r\n<br \/>\r\nPuedes volver atr\u00e1s para hacer cambios si es necesario.<\/div><div class=\"wpforms-entry-preview-wrapper\" style=\"display: none;\"><\/div><\/div><div id=\"wpforms-1833-field_31-container\" class=\"wpforms-field wpforms-field-pagebreak\" data-field-id=\"31\"><div class=\"wpforms-clear wpforms-pagebreak-center\"><button class=\"wpforms-page-button wpforms-page-prev\" data-action=\"prev\" data-page=\"3\" data-formid=\"1833\" disabled>Anterior<\/button><\/div><\/div><\/div><\/div><div class=\"wpforms-submit-container\" style=\"display:none;\"><input type=\"hidden\" name=\"wpforms[id]\" value=\"1833\"><input type=\"hidden\" name=\"wpforms[author]\" value=\"1\"><button type=\"submit\" name=\"wpforms[submit]\" id=\"wpforms-submit-1833\" class=\"wpforms-submit\" data-alt-text=\"Enviando...\" data-submit-text=\"Enviar\" aria-live=\"assertive\" value=\"wpforms-submit\">Enviar<\/button><img src=\"https:\/\/colegioeucaristicolaplata.edu.ar\/wp-content\/plugins\/wpforms\/assets\/images\/submit-spin.svg\" class=\"wpforms-submit-spinner\" style=\"display: none;\" width=\"26\" height=\"26\" alt=\"Loading\"><\/div><\/form><\/div>  <!-- .wpforms-container --><\/div>\n<\/div><\/section>\n","protected":false},"excerpt":{"rendered":"","protected":false},"author":1,"featured_media":0,"parent":0,"menu_order":0,"comment_status":"closed","ping_status":"closed","template":"page-templates\/template-pagebuilder-full-width.php","meta":{"_eb_attr":"","neve_meta_sidebar":"","neve_meta_container":"","neve_meta_enable_content_width":"","neve_meta_content_width":0,"neve_meta_title_alignment":"","neve_meta_author_avatar":"","neve_post_elements_order":"","neve_meta_disable_header":"","neve_meta_disable_footer":"","neve_meta_disable_title":"","neve_meta_reading_time":"","_themeisle_gutenberg_block_has_review":false,"_ti_tpc_template_sync":false,"_ti_tpc_template_id":""},"_links":{"self":[{"href":"https:\/\/colegioeucaristicolaplata.edu.ar\/index.php\/wp-json\/wp\/v2\/pages\/1839"}],"collection":[{"href":"https:\/\/colegioeucaristicolaplata.edu.ar\/index.php\/wp-json\/wp\/v2\/pages"}],"about":[{"href":"https:\/\/colegioeucaristicolaplata.edu.ar\/index.php\/wp-json\/wp\/v2\/types\/page"}],"author":[{"embeddable":true,"href":"https:\/\/colegioeucaristicolaplata.edu.ar\/index.php\/wp-json\/wp\/v2\/users\/1"}],"replies":[{"embeddable":true,"href":"https:\/\/colegioeucaristicolaplata.edu.ar\/index.php\/wp-json\/wp\/v2\/comments?post=1839"}],"version-history":[{"count":2,"href":"https:\/\/colegioeucaristicolaplata.edu.ar\/index.php\/wp-json\/wp\/v2\/pages\/1839\/revisions"}],"predecessor-version":[{"id":1841,"href":"https:\/\/colegioeucaristicolaplata.edu.ar\/index.php\/wp-json\/wp\/v2\/pages\/1839\/revisions\/1841"}],"wp:attachment":[{"href":"https:\/\/colegioeucaristicolaplata.edu.ar\/index.php\/wp-json\/wp\/v2\/media?parent=1839"}],"curies":[{"name":"wp","href":"https:\/\/api.w.org\/{rel}","templated":true}]}}